{"id":87,"date":"2018-07-26T10:02:26","date_gmt":"2018-07-26T16:02:26","guid":{"rendered":"https:\/\/maindo.com.gt\/wp3\/?page_id=87"},"modified":"2023-09-04T16:46:51","modified_gmt":"2023-09-04T22:46:51","slug":"ventas","status":"publish","type":"page","link":"https:\/\/maindo.com.gt\/wp3\/ventas\/","title":{"rendered":"Ventas"},"content":{"rendered":"<p>Maindo, S.A. actualmente distribuye las marcas OMRON y HERTEN, en equipos de automatizaci\u00f3n, tambi\u00e9n contando con la representaci\u00f3n de la marca Ice-O-Matic. en maquinas para fabricar hielo en cubitos, el \u00e1rea de almacenaje y movilizaci\u00f3n contando con la representaci\u00f3n de la marca METRO para Guatemala, El Salvador y Honduras.<\/p>\n<hr \/>\n<div class=\"row\"> <div class=\"col-md-6  \">\n<p><img loading=\"lazy\" decoding=\"async\" class=\"aligncenter size-full wp-image-34\" src=\"https:\/\/maindo.com.gt\/wp3\/wp-content\/uploads\/2018\/07\/logo-ice-o-matic.jpg\" alt=\"\" width=\"266\" height=\"98\" data-id=\"34\" \/><\/p>\n<h4>Ice-O-Matic:<\/h4>\n<p style=\"text-align: justify;\">Maquinas para fabricar hielo en cubitos y escarcha en alquiler y venta, nuevas y usadas, exclusivamente de la marca Ice-O-Matic.<\/p>\n<p style=\"text-align: justify;\">Adem\u00e1s contamos con la l\u00ednea de maquinas Industriales para fabricar hielo para la industria pesquera y gastronomica, cubriendo cualquier requerimiento de su empresa.<\/p>\n<p style=\"text-align: justify;\">Equipos de refrigeraci\u00f3n, aire acondicionado, cuartos fr\u00edos, torres de enfriamiento, compresores de refrigeraci\u00f3n y repuestos en general, etc.<\/p>\n<\/div><div class=\"col-md-6  \">\n<p><img loading=\"lazy\" decoding=\"async\" class=\"size-full wp-image-185 aligncenter\" src=\"https:\/\/maindo.com.gt\/wp3\/wp-content\/uploads\/2023\/09\/resiterminca-carrousel.jpg\" alt=\"\" width=\"266\" height=\"98\" \/><\/p>\n<h4>RESITERMICA<\/h4>\n<p>Las resistencias de inmersi\u00f3n RST-EW que se destinan al calentamiento de l\u00edquidos permiten reducir la viscosidad de los productos que se encuentran almacenados en bidones, dep\u00f3sitos, etc mediante el contacto directo de la superficie de la resistencia el\u00e9ctrica con el producto.<\/p>\n<p>Este calentamiento facilita que la extracci\u00f3n del producto de los mismos sea mucho m\u00e1s sencilla y permite llevarlos a otros dep\u00f3sitos o l\u00edneas de proceso.<\/p>\n<\/div><\/div>\n<hr \/>\n<div class=\"row\"> <div class=\"col-md-6  \">\n<p><img loading=\"lazy\" decoding=\"async\" class=\"aligncenter size-full wp-image-36\" src=\"https:\/\/maindo.com.gt\/wp3\/wp-content\/uploads\/2018\/07\/logo-omron.jpg\" alt=\"\" width=\"266\" height=\"98\" data-id=\"36\" \/><\/p>\n<h4>Omron:<\/h4>\n<p style=\"text-align: justify;\">Sensores fotoel\u00e9ctricos, sensores inductivos, Controles de temperatura, Controles de procesos, Contadores, Timer, Programadores de levas, Controladores programables PLC, micro programadores ZEN, Variadores de velocidad, Sensores ultras\u00f3nicos, Sensores para niveles de tanques, etc<\/p>\n<\/div><div class=\"col-md-6  \">\n<p><img loading=\"lazy\" decoding=\"async\" class=\"aligncenter size-full wp-image-35\" src=\"https:\/\/maindo.com.gt\/wp3\/wp-content\/uploads\/2018\/07\/logo-metro.jpg\" alt=\"\" width=\"266\" height=\"98\" data-id=\"35\" \/><\/p>\n<h4>Metro:<\/h4>\n<p style=\"text-align: justify;\">Sistema de almacenaje y movilizaci\u00f3n de productos de la marca METRO, los cuales de dividen en cuatro tipos distintos de estanter\u00edas y carros utilitarios las cuales est\u00e1n fabricados en distintos materiales: METROMAX Q, construido de acero con recubrimiento de pintura especial termopl\u00e1stico y pol\u00edmero, esta dise\u00f1ado especialmente para superficies semi-h\u00famedas. METROMAX esta construido de pol\u00edmero con aleaciones de acero y microban para erradicar el crecimiento de bacterias, ideal para \u00e1reas h\u00famedas y gastron\u00f3micas. SUPER ERECTA estanter\u00edas tipo met\u00e1lica con acabados de cromo, brite y pintura, dise\u00f1ada para \u00e1reas secas. METROSEAL III construido de metal con recubrimientos de pintura temo pl\u00e1stica color verde.<\/p>\n<\/div><\/div>\n<hr \/>\n<p>&nbsp;<\/p>\n","protected":false},"excerpt":{"rendered":"<p>Maindo, S.A. actualmente distribuye las marcas OMRON y HERTEN, en equipos de automatizaci\u00f3n, tambi\u00e9n contando con la representaci\u00f3n de la marca Ice-O-Matic. en maquinas para fabricar hielo en cubitos, el \u00e1rea de almacenaje y movilizaci\u00f3n contando con la representaci\u00f3n de &hellip; <a class=\"kt-excerpt-readmore\" href=\"https:\/\/maindo.com.gt\/wp3\/ventas\/\" aria-label=\"Ventas\">Leer m&aacute;s<\/a><\/p>\n","protected":false},"author":3,"featured_media":0,"parent":0,"menu_order":0,"comment_status":"closed","ping_status":"closed","template":"","meta":{"footnotes":""},"class_list":["post-87","page","type-page","status-publish","hentry"],"_links":{"self":[{"href":"https:\/\/maindo.com.gt\/wp3\/wp-json\/wp\/v2\/pages\/87","targetHints":{"allow":["GET"]}}],"collection":[{"href":"https:\/\/maindo.com.gt\/wp3\/wp-json\/wp\/v2\/pages"}],"about":[{"href":"https:\/\/maindo.com.gt\/wp3\/wp-json\/wp\/v2\/types\/page"}],"author":[{"embeddable":true,"href":"https:\/\/maindo.com.gt\/wp3\/wp-json\/wp\/v2\/users\/3"}],"replies":[{"embeddable":true,"href":"https:\/\/maindo.com.gt\/wp3\/wp-json\/wp\/v2\/comments?post=87"}],"version-history":[{"count":11,"href":"https:\/\/maindo.com.gt\/wp3\/wp-json\/wp\/v2\/pages\/87\/revisions"}],"predecessor-version":[{"id":198,"href":"https:\/\/maindo.com.gt\/wp3\/wp-json\/wp\/v2\/pages\/87\/revisions\/198"}],"wp:attachment":[{"href":"https:\/\/maindo.com.gt\/wp3\/wp-json\/wp\/v2\/media?parent=87"}],"curies":[{"name":"wp","href":"https:\/\/api.w.org\/{rel}","templated":true}]}}